{"id":1619,"date":"2018-11-05T17:07:52","date_gmt":"2018-11-05T17:07:52","guid":{"rendered":"http:\/\/wordpress-89239-751427.cloudwaysapps.com\/?page_id=1619"},"modified":"2018-11-05T17:07:52","modified_gmt":"2018-11-05T17:07:52","slug":"homepage-slider-revolution","status":"publish","type":"page","link":"https:\/\/setecidadeslakecabin.com\/pt\/homepage-slider-revolution\/","title":{"rendered":"Homepage &#8211; Slider Revolution"},"content":{"rendered":"<p>[vc_row][vc_column]<div style=\"clear:both; width:100%; height:50px\"><\/div>\t\t<div class=\"homey-module module-title section-title-module text-left \">\r\n\t\t\t<h2 >Our Featured Homes<\/h2>\r\n\r\n\t\t\t<p  class=\"sub-heading\">Hand-picked selection of quality places<\/p>\r\n\t\t<\/div>\r\n\t\t<div style=\"clear:both; width:100%; height:30px\"><\/div>\r\n\t\t<div id=\"listings_module_section\" class=\"module-wrap property-module-card\">\r\n\t\t\t<div class=\"listing-wrap item-card-view\">\r\n\t\t\t\t<div id=\"module_listings\" class=\"row\">\r\n\t\t\t\t\t<div class=\"item-wrap\"><h4 class=\"not-found\">Sorry no results found<\/h4><\/div>\t\t\t\t<\/div>\r\n\t\t\t\t\r\n\t\t\t\t\t\t\t\t<div class=\"homey-loadmore loadmore text-center\">\r\n\t\t\t\t\t<a\r\n\t\t\t\t\tdata-paged=\"2\" \r\n                    data-limit=\"6\" \r\n                    data-style=\"card\" \r\n                    data-booking_type=\"\" \r\n                    data-type=\"\" \r\n                    data-roomtype=\"\"\r\n                    data-country=\"\"  \r\n                    data-state=\"\" \r\n                    data-city=\"\" \r\n                    data-area=\"\" \r\n                    data-featured=\"\" \r\n                    data-offset=\"\"\r\n                    data-sortby=\"featured_top\"\r\n                    href=\"#\" \r\n\t\t\t\t\tclass=\"btn btn-primary btn-long\">\r\n\t\t\t\t\t\t<i id=\"spinner-icon\" class=\"fa fa-spinner fa-pulse fa-spin fa-fw\" style=\"display: none;\"><\/i>\r\n\t\t\t\t\t\tLoad More\t\t\t\t\t<\/a>\r\n\t\t\t\t<\/div>\r\n\t\t\t\t\r\n\r\n\t\t\t<\/div><!-- grid-listing-page -->\r\n\t\t<\/div>\r\n\t\t\r\n\t\t<div style=\"clear:both; width:100%; height:30px\"><\/div>[\/vc_column][\/vc_row][vc_row full_width=&#8221;stretch_row&#8221; css=&#8221;.vc_custom_1540584866698{background-color: #ffffff !important;}&#8221;][vc_column]<div style=\"clear:both; width:100%; height:50px\"><\/div>\t\t<div class=\"homey-module module-title section-title-module text-left \">\r\n\t\t\t<h2 >Travel To New York<\/h2>\r\n\r\n\t\t\t<p  class=\"sub-heading\">Fall In love with this iconic city<\/p>\r\n\t\t<\/div>\r\n\t\t<div style=\"clear:both; width:100%; height:30px\"><\/div>\r\n\t\t<div id=\"listings_module_section\" class=\"module-wrap property-module-card\">\r\n\t\t\t<div class=\"listing-wrap item-card-view\">\r\n\t\t\t\t<div id=\"module_listings\" class=\"row\">\r\n\t\t\t\t\t<div class=\"item-wrap\"><h4 class=\"not-found\">Sorry no results found<\/h4><\/div>\t\t\t\t<\/div>\r\n\t\t\t\t\r\n\t\t\t\t\t\t\t\t<div class=\"homey-loadmore loadmore text-center\">\r\n\t\t\t\t\t<a\r\n\t\t\t\t\tdata-paged=\"2\" \r\n                    data-limit=\"3\" \r\n                    data-style=\"card\" \r\n                    data-booking_type=\"\" \r\n                    data-type=\"\" \r\n                    data-roomtype=\"\"\r\n                    data-country=\"\"  \r\n                    data-state=\"\" \r\n                    data-city=\"new-york\" \r\n                    data-area=\"\" \r\n                    data-featured=\"\" \r\n                    data-offset=\"\"\r\n                    data-sortby=\"featured_top\"\r\n                    href=\"#\" \r\n\t\t\t\t\tclass=\"btn btn-primary btn-long\">\r\n\t\t\t\t\t\t<i id=\"spinner-icon\" class=\"fa fa-spinner fa-pulse fa-spin fa-fw\" style=\"display: none;\"><\/i>\r\n\t\t\t\t\t\tLoad More\t\t\t\t\t<\/a>\r\n\t\t\t\t<\/div>\r\n\t\t\t\t\r\n\r\n\t\t\t<\/div><!-- grid-listing-page -->\r\n\t\t<\/div>\r\n\t\t\r\n\t\t<div style=\"clear:both; width:100%; height:30px\"><\/div>[\/vc_column][\/vc_row][vc_row full_width=&#8221;stretch_row&#8221; css=&#8221;.vc_custom_1539966302417{margin-top: -20px !important;background-color: #ffffff !important;}&#8221;][vc_column]<div style=\"clear:both; width:100%; height:50px\"><\/div>\t\t<div class=\"homey-module module-title section-title-module text-left \">\r\n\t\t\t<h2 >Trending Destinations<\/h2>\r\n\r\n\t\t\t<p  class=\"sub-heading\">Explore our selection of the best places around the world<\/p>\r\n\t\t<\/div>\r\n\t\t<div style=\"clear:both; width:100%; height:30px\"><\/div>\r\n\t\t<div class=\"module-wrap taxonomy-grid taxonomy-grid-2\">\r\n\t\t\t<div class=\"row\">\r\n\t\t\t\t\t\t\t\t\r\n\t\t\t<\/div>\r\n\t\t<\/div>\r\n\t\t\r\n\t\t<div style=\"clear:both; width:100%; height:30px\"><\/div>[\/vc_column][\/vc_row][vc_row full_width=&#8221;stretch_row&#8221; css=&#8221;.vc_custom_1540225486937{background-color: #f1f2f3 !important;}&#8221;][vc_column]<div style=\"clear:both; width:100%; height:50px\"><\/div>\t\t<div class=\"homey-module module-title section-title-module text-center \">\r\n\t\t\t<h2 >Your Home Kind<\/h2>\r\n\r\n\t\t\t<p  class=\"sub-heading\">Find a home that fits your comfort<\/p>\r\n\t\t<\/div>\r\n\t\t<div style=\"clear:both; width:100%; height:30px\"><\/div>\r\n\t\t<div class=\"module-wrap taxonomy-grid taxonomy-grid-4\">\r\n\t\t\t<div class=\"row\">\r\n\t\t\t\t\r\n\t\t\t\t\t<div class=\"col-sm-3 col-xs-6\">\r\n\t\t\t\t\t\t<div class=\"taxonomy-item taxonomy-card\">\r\n\t\t\t\t\t\t\t<a class=\"taxonomy-link hover-effect\" href=\"\/search-results\/?listing_type=house\">\r\n\t\t\t\t\t\t\t\t<div class=\"taxonomy-title\">Casa<\/div>\r\n\t\t\t\t\t\t\t\t<img class=\"img-responsive\" src=\"https:\/\/placehold.it\/360x360\" width=\"360\" height=\"360\" alt=\"listing_type\">\r\n\t\t\t\t\t\t\t<\/a>\r\n\t\t\t\t\t\t<\/div>\r\n\t\t\t\t\t<\/div>\r\n\r\n\t\t\t\t\t\t\t\t\t\r\n\t\t\t<\/div>\r\n\t\t<\/div>\r\n\t\t\r\n\t\t<div style=\"clear:both; width:100%; height:80px\"><\/div>[\/vc_column][\/vc_row][vc_row full_width=&#8221;stretch_row&#8221; css=&#8221;.vc_custom_1539962199495{background-color: #ffffff !important;}&#8221;][vc_column]<div style=\"clear:both; width:100%; height:50px\"><\/div>\t\t<div class=\"homey-module module-title section-title-module text-center \">\r\n\t\t\t<h2 >Hear From Our Hosts<\/h2>\r\n\r\n\t\t\t<p  class=\"sub-heading\">The biggest reward is to satisfy our clients and share their experience with us<\/p>\r\n\t\t<\/div>\r\n\t\t<div style=\"clear:both; width:100%; height:30px\"><\/div>\n        <!--start testimonials module-->\n        \n                        <script>\n                jQuery(document).ready(function ($) {\n\n                    $('.testimonials-slider').slick({\n                        rtl: false,\n                        lazyLoad: 'ondemand',\n                        infinite: true,\n                        speed: 300,\n                        slidesToShow: 4,\n                        arrows: true,\n                        adaptiveHeight: true,\n                        dots: true,\n                        appendArrows: '.testimonials-module-slider',\n                        prevArrow: '<button type=\"button\" class=\"slick-prev\">Anterior<\/button>',\n                        nextArrow: '<button type=\"button\" class=\"slick-next\">Seguinte<\/button>',\n                        responsive: [\n                        {\n                            breakpoint: 992,\n                            settings: {\n                                slidesToShow: 2,\n                                slidesToScroll: 2\n                            }\n                        },\n                        {\n                            breakpoint: 769,\n                            settings: {\n                                slidesToShow: 1,\n                                slidesToScroll: 1\n                            }\n                        }]\n                    });\n\n                });\n            <\/script>\n\n            <div class=\"module-wrap testimonials-module testimonials-module-slider\">\n                <div class=\"testimonials-slider-wrap\">\n                    <div class=\"row\">\n                        <div class=\"testimonials-slider\">\n                            <div class=\"testimonial-item text-center\"><p class=\"description\">Sublime maison enti\u00e8rement \u00e9quip\u00e9e face au lac. Emplacement tr\u00e8s calme et pr\u00e9serv\u00e9. Joao est un h\u00f4te sympathique et arrangeant. Nous en garderons un bon souvenir.<\/p><div class=\"testimonial-thumb\"><img width=\"117\" height=\"120\" src=\"https:\/\/setecidadeslakecabin.com\/wp-content\/uploads\/2021\/02\/download-146x150.png\" class=\"img-circle img-responsive\" alt=\"\" loading=\"lazy\" \/><\/div><p class=\"auther-info\"><strong>Cynthia<\/strong><br><em>Airbnb<\/em><\/p><\/div><div class=\"testimonial-item text-center\"><p class=\"description\">Had a very nice stay - location and property are both great, and Joao was a very helpful host. Would definitely recommend!<\/p><div class=\"testimonial-thumb\"><img width=\"117\" height=\"120\" src=\"https:\/\/setecidadeslakecabin.com\/wp-content\/uploads\/2021\/02\/download-146x150.png\" class=\"img-circle img-responsive\" alt=\"\" loading=\"lazy\" \/><\/div><p class=\"auther-info\"><strong>Langston<\/strong><br><em>Airbnb<\/em><\/p><\/div><div class=\"testimonial-item text-center\"><p class=\"description\">This home is amazing! Absolutely unbeatable location- right on the edge of Lagoa Azul. It was an incredibly tranquil and relaxing stay. Sete Cidates is more isolated, so just take that into account although it only takes about 30 minutes to get to ponta delgada. Joao was super communicative and easy to get ahold of. 10\/10 would recommend!<\/p><div class=\"testimonial-thumb\"><img width=\"117\" height=\"120\" src=\"https:\/\/setecidadeslakecabin.com\/wp-content\/uploads\/2021\/02\/download-146x150.png\" class=\"img-circle img-responsive\" alt=\"\" loading=\"lazy\" \/><\/div><p class=\"auther-info\"><strong>Renne<\/strong><br><em>Airbnb<\/em><\/p><\/div><div class=\"testimonial-item text-center\"><p class=\"description\">It is a very comfortable house, and has beautiful views. Great location to get to the coast and hiking routes. We had a great few days and hated to leave. Would definitely return!<\/p><div class=\"testimonial-thumb\"><img width=\"117\" height=\"120\" src=\"https:\/\/setecidadeslakecabin.com\/wp-content\/uploads\/2021\/02\/download-146x150.png\" class=\"img-circle img-responsive\" alt=\"\" loading=\"lazy\" \/><\/div><p class=\"auther-info\"><strong>William<\/strong><br><em>USA, AIRBNB<\/em><\/p><\/div><div class=\"testimonial-item text-center\"><p class=\"description\">We had an unforgettable stay at the Sete Cidades Lagoon House. Waking up to the view of the lake was incredible! Sete Cidades is a quiet little town about 30 minutes from Ponta Delgada but the drive home every evening was worth the extra distance - beautiful! We were even able to do the amazing Mata do Canario hike and walk right back to the house for lunch on the porch picnic table and a nap. The home is clean, has everything you could possibly need, and Joao was extremely communicative and responsive. Parking is right on the property and secured by an electronic gate. Joao won my heart when he sent a VERY detailed and organized list of restaurant recommendations that we referred to many times as we explored the island. We&#039;ve already recommended this place to so many of our friends and we would absolutely stay here again. Thank you Joao, for an amazing birthday\/honeymoon vacation we will always remember!<\/p><div class=\"testimonial-thumb\"><\/div><p class=\"auther-info\"><strong>Stephanie<\/strong><br><em>USA, AIRBNB<\/em><\/p><\/div><div class=\"testimonial-item text-center\"><p class=\"description\">Such a nice place for vacation. Joao has a very thoughtful space for escape. Strongly recommended.<\/p><div class=\"testimonial-thumb\"><img width=\"117\" height=\"120\" src=\"https:\/\/setecidadeslakecabin.com\/wp-content\/uploads\/2021\/02\/download-146x150.png\" class=\"img-circle img-responsive\" alt=\"\" loading=\"lazy\" \/><\/div><p class=\"auther-info\"><strong>Ian<\/strong><br><em>USA, AIRBNB<\/em><\/p><\/div><div class=\"testimonial-item text-center\"><p class=\"description\">Absolutely incredible stay.\r\n\r\nThe most beautiful cabin with so many things thought about for the guests - great kitchen, great dining space, wood burning fire.\r\n\r\nThe location is simply awesome. To wake up each morning with a view of the lake, and to the sounds of the many birds of the island is just dreamy.\r\n\r\nWould recommend 10\/10.<\/p><div class=\"testimonial-thumb\"><img width=\"117\" height=\"120\" src=\"https:\/\/setecidadeslakecabin.com\/wp-content\/uploads\/2021\/02\/download-146x150.png\" class=\"img-circle img-responsive\" alt=\"\" loading=\"lazy\" \/><\/div><p class=\"auther-info\"><strong>Sam<\/strong><br><em>UK, AIRBNB<\/em><\/p><\/div><div class=\"testimonial-item text-center\"><p class=\"description\">Don\u2019t hesitate to book this world class property! Serene, majestic and comfortable, it will not disappoint!<\/p><div class=\"testimonial-thumb\"><img width=\"117\" height=\"120\" src=\"https:\/\/setecidadeslakecabin.com\/wp-content\/uploads\/2021\/02\/download-146x150.png\" class=\"img-circle img-responsive\" alt=\"\" loading=\"lazy\" \/><\/div><p class=\"auther-info\"><strong>James<\/strong><br><em>USA, AIRBNB<\/em><\/p><\/div><div class=\"testimonial-item text-center\"><p class=\"description\">This house in Sete Cidades was incredible, and we can&#039;t wait to come back. First, the views of the lake and mountains from the huge windows are stunning - you wake up to them from the bedrooms of the second floor, and can drink them in all day from either floor. Second, you are in very close proximity to one of the most amazing hikes in the world, around the rim of the crater above Lagoa Azul, where you can look out on one side to the beautiful lakes, and on the other to the ocean. The house is beautiful with a focus on views, but also has all practical amenities you might need - well-stocked kitchen, fireplace with firewood, 3 nice bathrooms (one with a soaking tub). There are extremely nice touches like thick robes. We were also greeted with a very nice bouquet of flowers, and a bottle of wine. We used this as a base for work from home. The internet was better than home in the U.S., up to 600 Mbps. The hosts were also accommodating at every turn. We are so happy we stayed here.<\/p><div class=\"testimonial-thumb\"><img width=\"117\" height=\"120\" src=\"https:\/\/setecidadeslakecabin.com\/wp-content\/uploads\/2021\/02\/download-146x150.png\" class=\"img-circle img-responsive\" alt=\"\" loading=\"lazy\" \/><\/div><p class=\"auther-info\"><strong>Angela<\/strong><br><em>USA, AIRBNB<\/em><\/p><\/div><div class=\"testimonial-item text-center\"><p class=\"description\">Sete Cidades [Lake Cabin] \u00e9 um must em qualquer viagem aos A\u00e7ores. \r\n\u00d3tima localiza\u00e7\u00e3o. Vista fant\u00e1stica. Arquitectura apelativa.<\/p><div class=\"testimonial-thumb\"><img width=\"120\" height=\"120\" src=\"https:\/\/setecidadeslakecabin.com\/wp-content\/uploads\/2021\/02\/17dcf4ba715b51b8c23baeb707c38ad7-150x150.png\" class=\"img-circle img-responsive\" alt=\"\" loading=\"lazy\" srcset=\"https:\/\/setecidadeslakecabin.com\/wp-content\/uploads\/2021\/02\/17dcf4ba715b51b8c23baeb707c38ad7-150x150.png 150w, https:\/\/setecidadeslakecabin.com\/wp-content\/uploads\/2021\/02\/17dcf4ba715b51b8c23baeb707c38ad7-300x300.png 300w, https:\/\/setecidadeslakecabin.com\/wp-content\/uploads\/2021\/02\/17dcf4ba715b51b8c23baeb707c38ad7-250x250.png 250w, https:\/\/setecidadeslakecabin.com\/wp-content\/uploads\/2021\/02\/17dcf4ba715b51b8c23baeb707c38ad7.png 768w, https:\/\/setecidadeslakecabin.com\/wp-content\/uploads\/2021\/02\/17dcf4ba715b51b8c23baeb707c38ad7-500x500.png 500w, https:\/\/setecidadeslakecabin.com\/wp-content\/uploads\/2021\/02\/17dcf4ba715b51b8c23baeb707c38ad7-360x360.png 360w\" sizes=\"(max-width: 120px) 100vw, 120px\" \/><\/div><p class=\"auther-info\"><strong>Fiona<\/strong><br><em>Calif\u00f3rnia, USA, Booking<\/em><\/p><\/div>                        <\/div>\n                    <\/div>\n                <\/div>\n            <\/div>\n\n                <!--end post testimonials module-->\n\n\n        <div style=\"clear:both; width:100%; height:50px\"><\/div>[\/vc_column][\/vc_row][vc_row][vc_column]<div style=\"clear:both; width:100%; height:50px\"><\/div>\t\t<div class=\"homey-module module-title section-title-module text-left \">\r\n\t\t\t<h2 >From Our Blog<\/h2>\r\n\r\n\t\t\t<p  class=\"sub-heading\">Keep always update on latest topics<\/p>\r\n\t\t<\/div>\r\n\t\t<div style=\"clear:both; width:100%; height:30px\"><\/div>        <script>\n            jQuery(document).ready(function ($) {\n\n                var post_card = $('#blog-carousel-BoFo0');\n\n                post_card.slick({\n                    rtl: false,\n                    lazyLoad: 'ondemand',\n                    infinite: true,\n                    speed: 300,\n                    slidesToShow: 3,\n                    arrows: true,\n                    adaptiveHeight: true,\n                    dots: true,\n                    appendArrows: '.blog-module-slider',\n                    prevArrow: '<button type=\"button\" class=\"slick-prev\">Prev<\/button>',\n                    nextArrow: '<button type=\"button\" class=\"slick-next\">Next<\/button>',\n                    responsive: [\n                    {\n                        breakpoint: 992,\n                        settings: {\n                            slidesToShow: 2,\n                            slidesToScroll: 2\n                        }\n                    },\n                    {\n                        breakpoint: 769,\n                        settings: {\n                            slidesToShow: 1,\n                            slidesToScroll: 1\n                        }\n                    }]\n                });\n            });\n        <\/script>\n\n        <div class=\"module-wrap blog-module blog-module-slider\">\n            <div class=\"blog-module-wrap\">\n                <div id=\"blog-carousel-BoFo0\" class=\"blog-module-slider-view\">\n                                                        <\/div>\n            <\/div>\n        <\/div>\n\n\n        [\/vc_column][\/vc_row][vc_row][vc_column]<div style=\"clear:both; width:100%; height:50px\"><\/div>\t\t<div class=\"homey-module module-title section-title-module text-left \">\r\n\t\t\t<h2 >Our Partners<\/h2>\r\n\r\n\t\t\t<p  class=\"sub-heading\">We only work with the best companies around the globe<\/p>\r\n\t\t<\/div>\r\n\t\t<div style=\"clear:both; width:100%; height:30px\"><\/div>        <script>\n            jQuery(document).ready(function ($) {\n\n                var sliderdiv = $('.partners-slider');\n\n                sliderdiv.slick({\n                    rtl: false,\n                    lazyLoad: 'ondemand',\n                    infinite: true,\n                    speed: 300,\n                    slidesToShow: 4,\n                    arrows: true,\n                    adaptiveHeight: true,\n                    dots: true,\n                    appendArrows: '.partners-module-slider',\n                    prevArrow: '<button type=\"button\" class=\"slick-prev\">Anterior<\/button>',\n                    nextArrow: '<button type=\"button\" class=\"slick-next\">Seguinte<\/button>',\n                    responsive: [\n                    {\n                        breakpoint: 992,\n                        settings: {\n                            slidesToShow: 3,\n                            slidesToScroll: 3\n                        }\n                    },\n                    {\n                        breakpoint: 769,\n                        settings: {\n                            slidesToShow: 2,\n                            slidesToScroll: 2\n                        }\n                    }]\n                });\n            });\n        <\/script>\n\n        <div class=\"module-wrap partners-module partners-module-slider\">\n            <div class=\"partners-slider-wrap\">\n                <div class=\"row\">\n                    <div class=\"partners-slider\">\n\n                                                    <div class=\"partner-item text-center\">\n                                <div class=\"partner-thumb\">\n                                    <a target=\"_blank\" href=\"http:\/\/homeywp.com\">\n                                        <img src=\"https:\/\/placehold.it\/450x300&text=Sete+Cidades+Lake+Cabin\" alt=\"placeholder\" \/>                                    <\/a>\n                                <\/div>\n                            <\/div>\n                                                    <div class=\"partner-item text-center\">\n                                <div class=\"partner-thumb\">\n                                    <a target=\"_blank\" href=\"http:\/\/homeywp.com\">\n                                        <img src=\"https:\/\/placehold.it\/450x300&text=Sete+Cidades+Lake+Cabin\" alt=\"placeholder\" \/>                                    <\/a>\n                                <\/div>\n                            <\/div>\n                                                    <div class=\"partner-item text-center\">\n                                <div class=\"partner-thumb\">\n                                    <a target=\"_blank\" href=\"http:\/\/homeywp.com\">\n                                        <img src=\"https:\/\/placehold.it\/450x300&text=Sete+Cidades+Lake+Cabin\" alt=\"placeholder\" \/>                                    <\/a>\n                                <\/div>\n                            <\/div>\n                                                    <div class=\"partner-item text-center\">\n                                <div class=\"partner-thumb\">\n                                    <a target=\"_blank\" href=\"http:\/\/homeywp.com\">\n                                        <img src=\"https:\/\/placehold.it\/450x300&text=Sete+Cidades+Lake+Cabin\" alt=\"placeholder\" \/>                                    <\/a>\n                                <\/div>\n                            <\/div>\n                                                    <div class=\"partner-item text-center\">\n                                <div class=\"partner-thumb\">\n                                    <a target=\"_blank\" href=\"http:\/\/homeywp.com\">\n                                        <img src=\"https:\/\/placehold.it\/450x300&text=Sete+Cidades+Lake+Cabin\" alt=\"placeholder\" \/>                                    <\/a>\n                                <\/div>\n                            <\/div>\n                                                    <div class=\"partner-item text-center\">\n                                <div class=\"partner-thumb\">\n                                    <a target=\"_blank\" href=\"http:\/\/homeywp.com\">\n                                        <img src=\"https:\/\/placehold.it\/450x300&text=Sete+Cidades+Lake+Cabin\" alt=\"placeholder\" \/>                                    <\/a>\n                                <\/div>\n                            <\/div>\n                                                \n                    <\/div>\n                <\/div>\n            <\/div>\n        <\/div>\n\n        [\/vc_column][\/vc_row]<\/p>\n","protected":false},"excerpt":{"rendered":"<p>[vc_row][vc_column][\/vc_column][\/vc_row][vc_row full_width=&#8221;stretch_row&#8221; css=&#8221;.vc_custom_1540584866698{background-color: #ffffff !important;}&#8221;][vc_column][\/vc_column][\/vc_row][vc_row full_width=&#8221;stretch_row&#8221; css=&#8221;.vc_custom_1539966302417{margin-top: -20px !important;background-color: #ffffff !important;}&#8221;][vc_column][\/vc_column][\/vc_row][vc_row full_width=&#8221;stretch_row&#8221; css=&#8221;.vc_custom_1540225486937{background-color: #f1f2f3 !important;}&#8221;][vc_column][\/vc_column][\/vc_row][vc_row full_width=&#8221;stretch_row&#8221; css=&#8221;.vc_custom_1539962199495{background-color: #ffffff !important;}&#8221;][vc_column][\/vc_column][\/vc_row][vc_row][vc_column][\/vc_column][\/vc_row][vc_row][vc_column][\/vc_column][\/vc_row]<\/p>\n","protected":false},"author":1,"featured_media":0,"parent":0,"menu_order":0,"comment_status":"closed","ping_status":"closed","template":"template\/template-homepage.php","meta":{"inline_featured_image":false},"_links":{"self":[{"href":"https:\/\/setecidadeslakecabin.com\/pt\/wp-json\/wp\/v2\/pages\/1619"}],"collection":[{"href":"https:\/\/setecidadeslakecabin.com\/pt\/wp-json\/wp\/v2\/pages"}],"about":[{"href":"https:\/\/setecidadeslakecabin.com\/pt\/wp-json\/wp\/v2\/types\/page"}],"author":[{"embeddable":true,"href":"https:\/\/setecidadeslakecabin.com\/pt\/wp-json\/wp\/v2\/users\/1"}],"replies":[{"embeddable":true,"href":"https:\/\/setecidadeslakecabin.com\/pt\/wp-json\/wp\/v2\/comments?post=1619"}],"version-history":[{"count":0,"href":"https:\/\/setecidadeslakecabin.com\/pt\/wp-json\/wp\/v2\/pages\/1619\/revisions"}],"wp:attachment":[{"href":"https:\/\/setecidadeslakecabin.com\/pt\/wp-json\/wp\/v2\/media?parent=1619"}],"curies":[{"name":"wp","href":"https:\/\/api.w.org\/{rel}","templated":true}]}}