{"id":2714,"date":"2022-10-14T09:16:26","date_gmt":"2022-10-14T09:16:26","guid":{"rendered":"https:\/\/setecidadeslakecabin.com\/?page_id=2714"},"modified":"2023-02-15T09:20:56","modified_gmt":"2023-02-15T09:20:56","slug":"experiences","status":"publish","type":"page","link":"https:\/\/setecidadeslakecabin.com\/pt\/experiences\/","title":{"rendered":"Experi\u00eancias"},"content":{"rendered":"<p>[vc_row][vc_column]<div style=\"clear:both; width:100%; height:50px\"><\/div>\t\t<div class=\"homey-module module-title section-title-module text-center \">\r\n\t\t\t<h2 >EXPERI\u00caNCIAS<\/h2>\r\n\r\n\t\t\t<p  class=\"sub-heading\"><\/p>\r\n\t\t<\/div>\r\n\t\t[vc_column_text]<span style=\"font-weight: 400;\">A ilha de S\u00e3o Miguel tem in\u00fameras ofertas de passeios, actividades e desportos fant\u00e1sticos para qualquer pessoa. H\u00e1 mesmo muito para ver e fazer, literalmente no mar, terra e ar!<\/span><\/p>\n<p><span style=\"font-weight: 400;\">Desde passeios de lazer, contempla\u00e7\u00e3o da natureza, banhos no mar ou em termas, tours de jipe, passeio de moto 4\/buggy, yoga, passeios a cavalo, canyoning, passeios de barco, observa\u00e7\u00e3o de baleias, canoagem, kayaking, windsurf, surf, pesca desportiva, mergulho, parapente ou praticar in\u00fameros outros desportos (padel, t\u00e9nis, golf, etc..). Tudo depende dos vossos gostos e interesses. Se nos indicarem as vossas prefer\u00eancias, temos todo o gosto em providenciar informa\u00e7\u00f5es sobre o que fazer na zona, na Ilha ou recomenda\u00e7\u00f5es de restaurantes. <\/span>[\/vc_column_text]<div style=\"clear:both; width:100%; height:50px\"><\/div>\t\t<div class=\"homey-module module-title section-title-module text-center \">\r\n\t\t\t<h2 >CONTACTOS<\/h2>\r\n\r\n\t\t\t<p  class=\"sub-heading\"><\/p>\r\n\t\t<\/div>\r\n\t\t[vc_column_text]<span style=\"font-weight: 400;\">Tamb\u00e9m temos contactos com outros espec\u00edficos servi\u00e7os complementares, com os mais consagrados profissionais locais da \u00e1rea, que vos podemos sugerir, tais como:<\/span><\/p>\n<p><span style=\"font-weight: 400;\">&#8211; Chef profissional privado &#8211; que vos ir\u00e1 proporcionar a experi\u00eancia, no domic\u00edlio, de uma refei\u00e7\u00e3o com 4 pratos, com emparelhamento de vinhos, ou um passeio de um dia com v\u00e1rios momentos gastron\u00f3micos em diversos locais de Ilha);\u00a0<\/span><\/p>\n<p><span style=\"font-weight: 400;\">&#8211; Sess\u00f5es privadas de Yoga ao domic\u00edlio ou em outro local que tenha interesse;<\/span><\/p>\n<p><span style=\"font-weight: 400;\">&#8211; Sess\u00e3o de fotografia privada ao domic\u00edlio ou em outro local que tenham interesse;<\/span><\/p>\n<p><span style=\"font-weight: 400;\">&#8211; Passeios com fot\u00f3grafo profissional \u2013 tour, em 4X4, com fot\u00f3grafo profissional que vos ir\u00e1 levar aos mais extraordin\u00e1rios locais da ilha e proporcionar uma incr\u00edvel reportagem fotogr\u00e1fica para guardarem para as vossas recorda\u00e7\u00f5es, partilharem com os vossos familiares e amigos ou publicar nas vossas redes sociais;<\/span><\/p>\n<p><span style=\"font-weight: 400;\">&#8211; Aluguer de bicicletas ao domic\u00edlio \u2013 entrega de bicicletas no domic\u00edlio para poderem desfrutar de um passeio pela zona e Lagoa das Sete Cidades;<\/span><\/p>\n<p><span style=\"font-weight: 400;\">&#8211; Transfer \u2013 Servi\u00e7o de transfer privado, nomeadamente de e para o aeroporto, com motorista profissional e num confort\u00e1vel ve\u00edculo com ar condicionado.<\/span><\/p>\n<p>&nbsp;<\/p>\n<p><span style=\"font-weight: 400;\">As reservas est\u00e3o sujeitas \u00e0 disponibilidade do servi\u00e7o, e os seus termos e condi\u00e7\u00f5es s\u00e3o fixados pelos seus prestadores.<\/span><\/p>\n<p><span style=\"font-weight: 400;\">Apenas disponibilizamos os meios de contacto dos prestadores. Pelo que os contactos e as reservas s\u00e3o feitos directamente entre os h\u00f3spedes e os prestadores dos servi\u00e7os.<\/span><\/p>\n<p><span style=\"font-weight: 400;\">Os valores s\u00e3o fixados pelos seus prestadores e os pagamentos s\u00e3o feitos directamente com estes.\u00a0<\/span><\/p>\n<p><span style=\"font-weight: 400;\">Somos totalmente alheios e n\u00e3o temos qualquer responsabilidade por qualquer inconveniente ou incidente que possa ocorrer no decurso de qualquer actividade.<\/span>[\/vc_column_text]<div style=\"clear:both; width:100%; height:50px\"><\/div>[\/vc_column][\/vc_row]<\/p>","protected":false},"excerpt":{"rendered":"<p>[vc_row][vc_column][vc_column_text]A ilha de S\u00e3o Miguel tem in\u00fameras ofertas de passeios, actividades e desportos fant\u00e1sticos para qualquer pessoa. H\u00e1 mesmo muito para ver e fazer, literalmente no mar, terra e ar! Desde passeios de lazer, contempla\u00e7\u00e3o da natureza, banhos no mar ou em termas, tours de jipe, passeio de moto 4\/buggy, yoga, passeios a cavalo, canyoning, [&hellip;]<\/p>\n","protected":false},"author":1,"featured_media":0,"parent":0,"menu_order":0,"comment_status":"closed","ping_status":"closed","template":"template\/template-homepage.php","meta":{"inline_featured_image":false},"_links":{"self":[{"href":"https:\/\/setecidadeslakecabin.com\/pt\/wp-json\/wp\/v2\/pages\/2714"}],"collection":[{"href":"https:\/\/setecidadeslakecabin.com\/pt\/wp-json\/wp\/v2\/pages"}],"about":[{"href":"https:\/\/setecidadeslakecabin.com\/pt\/wp-json\/wp\/v2\/types\/page"}],"author":[{"embeddable":true,"href":"https:\/\/setecidadeslakecabin.com\/pt\/wp-json\/wp\/v2\/users\/1"}],"replies":[{"embeddable":true,"href":"https:\/\/setecidadeslakecabin.com\/pt\/wp-json\/wp\/v2\/comments?post=2714"}],"version-history":[{"count":8,"href":"https:\/\/setecidadeslakecabin.com\/pt\/wp-json\/wp\/v2\/pages\/2714\/revisions"}],"predecessor-version":[{"id":3029,"href":"https:\/\/setecidadeslakecabin.com\/pt\/wp-json\/wp\/v2\/pages\/2714\/revisions\/3029"}],"wp:attachment":[{"href":"https:\/\/setecidadeslakecabin.com\/pt\/wp-json\/wp\/v2\/media?parent=2714"}],"curies":[{"name":"wp","href":"https:\/\/api.w.org\/{rel}","templated":true}]}}