{"id":725,"date":"2018-10-19T20:11:41","date_gmt":"2018-10-19T20:11:41","guid":{"rendered":"http:\/\/wordpress-89239-751427.cloudwaysapps.com\/?page_id=725"},"modified":"2018-10-19T20:11:41","modified_gmt":"2018-10-19T20:11:41","slug":"homepage-custom-slider-fullscreen","status":"publish","type":"page","link":"https:\/\/setecidadeslakecabin.com\/pt\/homepage-custom-slider-fullscreen\/","title":{"rendered":"Homepage &#8211; Custom Slider Fullscreen"},"content":{"rendered":"<p>[vc_row full_width=&#8221;stretch_row&#8221; css=&#8221;.vc_custom_1540586704982{margin-top: -20px !important;background-color: #ffffff !important;}&#8221;][vc_column]<div style=\"clear:both; width:100%; height:50px\"><\/div>\t\t<div class=\"homey-module module-title section-title-module text-left \">\r\n\t\t\t<h2 >Our Featured Homes<\/h2>\r\n\r\n\t\t\t<p  class=\"sub-heading\">Hand-picked selection of quality places<\/p>\r\n\t\t<\/div>\r\n\t\t<div style=\"clear:both; width:100%; height:30px\"><\/div>[vc_row_inner][vc_column_inner width=&#8221;1\/2&#8243;]\n        <div class=\"module-wrap property-module-by-id\">\n            <div class=\"listing-wrap item-card-view\">\n                <div class=\"item-wrap\"><h4 class=\"not-found\">Sorry no results found<\/h4><\/div>            <\/div><!-- grid-listing-page -->\n        <\/div>\n\n        [\/vc_column_inner][vc_column_inner width=&#8221;1\/2&#8243;]\n        <div class=\"module-wrap property-module-by-id\">\n            <div class=\"listing-wrap item-card-view\">\n                <div class=\"item-wrap\"><h4 class=\"not-found\">Sorry no results found<\/h4><\/div>            <\/div><!-- grid-listing-page -->\n        <\/div>\n\n        [\/vc_column_inner][\/vc_row_inner]<div style=\"clear:both; width:100%; height:30px\"><\/div>[\/vc_column][\/vc_row][vc_row full_width=&#8221;stretch_row&#8221;][vc_column]<div style=\"clear:both; width:100%; height:50px\"><\/div>\t\t<div class=\"homey-module module-title section-title-module text-left \">\r\n\t\t\t<h2 >Affordable Places in Los Angeles<\/h2>\r\n\r\n\t\t\t<p  class=\"sub-heading\">Fall In love with this iconic city<\/p>\r\n\t\t<\/div>\r\n\t\t<div style=\"clear:both; width:100%; height:30px\"><\/div>\r\n\t\t<div id=\"listings_module_section\" class=\"module-wrap property-module-grid\">\r\n\t\t\t<div class=\"listing-wrap item-grid-view\">\r\n\t\t\t\t<div id=\"module_listings\" class=\"row\">\r\n\t\t\t\t\t<div class=\"item-wrap\"><h4 class=\"not-found\">Sorry no results found<\/h4><\/div>\t\t\t\t<\/div>\r\n\t\t\t\t\r\n\t\t\t\t\t\t\t\t<div class=\"homey-loadmore loadmore text-center\">\r\n\t\t\t\t\t<a\r\n\t\t\t\t\tdata-paged=\"2\" \r\n                    data-limit=\"6\" \r\n                    data-style=\"grid\" \r\n                    data-booking_type=\"\" \r\n                    data-type=\"\" \r\n                    data-roomtype=\"\"\r\n                    data-country=\"\"  \r\n                    data-state=\"\" \r\n                    data-city=\"los-angeles\" \r\n                    data-area=\"\" \r\n                    data-featured=\"\" \r\n                    data-offset=\"\"\r\n                    data-sortby=\"a_price\"\r\n                    href=\"#\" \r\n\t\t\t\t\tclass=\"btn btn-primary btn-long\">\r\n\t\t\t\t\t\t<i id=\"spinner-icon\" class=\"fa fa-spinner fa-pulse fa-spin fa-fw\" style=\"display: none;\"><\/i>\r\n\t\t\t\t\t\tLoad More\t\t\t\t\t<\/a>\r\n\t\t\t\t<\/div>\r\n\t\t\t\t\r\n\r\n\t\t\t<\/div><!-- grid-listing-page -->\r\n\t\t<\/div>\r\n\t\t\r\n\t\t<div style=\"clear:both; width:100%; height:30px\"><\/div>[\/vc_column][\/vc_row][vc_row full_width=&#8221;stretch_row&#8221; css=&#8221;.vc_custom_1539966302417{margin-top: -20px !important;background-color: #ffffff !important;}&#8221;][vc_column]<div style=\"clear:both; width:100%; height:50px\"><\/div>\t\t<div class=\"homey-module module-title section-title-module text-left \">\r\n\t\t\t<h2 >Trending Destinations<\/h2>\r\n\r\n\t\t\t<p  class=\"sub-heading\">Explore our selection of the best places around the world<\/p>\r\n\t\t<\/div>\r\n\t\t<div style=\"clear:both; width:100%; height:30px\"><\/div>\r\n\t\t<div class=\"module-wrap taxonomy-grid taxonomy-grid-4\">\r\n\t\t\t<div class=\"row\">\r\n\t\t\t\t\t\t\t\t\r\n\t\t\t<\/div>\r\n\t\t<\/div>\r\n\t\t\r\n\t\t<div style=\"clear:both; width:100%; height:30px\"><\/div>[\/vc_column][\/vc_row][vc_row full_width=&#8221;stretch_row&#8221; css=&#8221;.vc_custom_1540225486937{background-color: #f1f2f3 !important;}&#8221;][vc_column]<div style=\"clear:both; width:100%; height:50px\"><\/div>\t\t<div class=\"homey-module module-title section-title-module text-center \">\r\n\t\t\t<h2 >Your Home Kind<\/h2>\r\n\r\n\t\t\t<p  class=\"sub-heading\">Find a home that fits your comfort<\/p>\r\n\t\t<\/div>\r\n\t\t<div style=\"clear:both; width:100%; height:30px\"><\/div>\r\n\t\t<div class=\"module-wrap taxonomy-grid taxonomy-grid-3\">\r\n\t\t\t<div class=\"row\">\r\n\t\t\t\t\r\n\t\t\t\t\t<div class=\"col-sm-4 col-xs-6\">\r\n\t\t\t\t\t\t<div class=\"taxonomy-item taxonomy-card\">\r\n\t\t\t\t\t\t\t<a class=\"taxonomy-link hover-effect\" href=\"\/search-results\/?listing_type=house\">\r\n\t\t\t\t\t\t\t\t<div class=\"taxonomy-title\">Casa<\/div>\r\n\t\t\t\t\t\t\t\t<img class=\"img-responsive\" src=\"https:\/\/placehold.it\/360x360\" width=\"360\" height=\"360\" alt=\"listing_type\">\r\n\t\t\t\t\t\t\t<\/a>\r\n\t\t\t\t\t\t<\/div>\r\n\t\t\t\t\t<\/div>\r\n\r\n\t\t\t\t\t\t\t\t\t\r\n\t\t\t<\/div>\r\n\t\t<\/div>\r\n\t\t\r\n\t\t<div style=\"clear:both; width:100%; height:80px\"><\/div>[\/vc_column][\/vc_row][vc_row full_width=&#8221;stretch_row&#8221; css=&#8221;.vc_custom_1539962199495{background-color: #ffffff !important;}&#8221;][vc_column]<div style=\"clear:both; width:100%; height:50px\"><\/div>\t\t<div class=\"homey-module module-title section-title-module text-center \">\r\n\t\t\t<h2 >Hear From Our Hosts<\/h2>\r\n\r\n\t\t\t<p  class=\"sub-heading\">The biggest reward is to satisfy our clients and share their experience with us<\/p>\r\n\t\t<\/div>\r\n\t\t<div style=\"clear:both; width:100%; height:30px\"><\/div>\n        <!--start testimonials module-->\n        \n            <div class=\"module-wrap testimonials-module\">\n                <div class=\"row\">\n                    \n                    <div class=\"col-xs-12 col-sm-4\"><div class=\"testimonial-item text-center\"><p class=\"description\">Sublime maison enti\u00e8rement \u00e9quip\u00e9e face au lac. Emplacement tr\u00e8s calme et pr\u00e9serv\u00e9. Joao est un h\u00f4te sympathique et arrangeant. Nous en garderons un bon souvenir.<\/p><div class=\"testimonial-thumb\"><img width=\"117\" height=\"120\" src=\"https:\/\/setecidadeslakecabin.com\/wp-content\/uploads\/2021\/02\/download-146x150.png\" class=\"img-circle img-responsive\" alt=\"\" loading=\"lazy\" \/><\/div><p class=\"auther-info\"><strong>Cynthia<\/strong><br><em>Airbnb<\/em><\/p><\/div><\/div><div class=\"col-xs-12 col-sm-4\"><div class=\"testimonial-item text-center\"><p class=\"description\">Had a very nice stay - location and property are both great, and Joao was a very helpful host. Would definitely recommend!<\/p><div class=\"testimonial-thumb\"><img width=\"117\" height=\"120\" src=\"https:\/\/setecidadeslakecabin.com\/wp-content\/uploads\/2021\/02\/download-146x150.png\" class=\"img-circle img-responsive\" alt=\"\" loading=\"lazy\" \/><\/div><p class=\"auther-info\"><strong>Langston<\/strong><br><em>Airbnb<\/em><\/p><\/div><\/div><div class=\"col-xs-12 col-sm-4\"><div class=\"testimonial-item text-center\"><p class=\"description\">This home is amazing! Absolutely unbeatable location- right on the edge of Lagoa Azul. It was an incredibly tranquil and relaxing stay. Sete Cidates is more isolated, so just take that into account although it only takes about 30 minutes to get to ponta delgada. Joao was super communicative and easy to get ahold of. 10\/10 would recommend!<\/p><div class=\"testimonial-thumb\"><img width=\"117\" height=\"120\" src=\"https:\/\/setecidadeslakecabin.com\/wp-content\/uploads\/2021\/02\/download-146x150.png\" class=\"img-circle img-responsive\" alt=\"\" loading=\"lazy\" \/><\/div><p class=\"auther-info\"><strong>Renne<\/strong><br><em>Airbnb<\/em><\/p><\/div><\/div>                    \n                <\/div>\n            <\/div>\n\n                <!--end post testimonials module-->\n\n\n        <div style=\"clear:both; width:100%; height:50px\"><\/div>[\/vc_column][\/vc_row][vc_row][vc_column]<div style=\"clear:both; width:100%; height:50px\"><\/div>\t\t<div class=\"homey-module module-title section-title-module text-left \">\r\n\t\t\t<h2 >From Our Blog<\/h2>\r\n\r\n\t\t\t<p  class=\"sub-heading\">Keep always update on latest topics<\/p>\r\n\t\t<\/div>\r\n\t\t<div style=\"clear:both; width:100%; height:30px\"><\/div>        <script>\n            jQuery(document).ready(function ($) {\n\n                var post_card = $('#blog-carousel-EISJD');\n\n                post_card.slick({\n                    rtl: false,\n                    lazyLoad: 'ondemand',\n                    infinite: true,\n                    speed: 300,\n                    slidesToShow: 3,\n                    arrows: true,\n                    adaptiveHeight: true,\n                    dots: true,\n                    appendArrows: '.blog-module-slider',\n                    prevArrow: '<button type=\"button\" class=\"slick-prev\">Prev<\/button>',\n                    nextArrow: '<button type=\"button\" class=\"slick-next\">Next<\/button>',\n                    responsive: [\n                    {\n                        breakpoint: 992,\n                        settings: {\n                            slidesToShow: 2,\n                            slidesToScroll: 2\n                        }\n                    },\n                    {\n                        breakpoint: 769,\n                        settings: {\n                            slidesToShow: 1,\n                            slidesToScroll: 1\n                        }\n                    }]\n                });\n            });\n        <\/script>\n\n        <div class=\"module-wrap blog-module blog-module-slider\">\n            <div class=\"blog-module-wrap\">\n                <div id=\"blog-carousel-EISJD\" class=\"blog-module-slider-view\">\n                                                        <\/div>\n            <\/div>\n        <\/div>\n\n\n        [\/vc_column][\/vc_row][vc_row][vc_column]<div style=\"clear:both; width:100%; height:50px\"><\/div>\t\t<div class=\"homey-module module-title section-title-module text-left \">\r\n\t\t\t<h2 >Our Partners<\/h2>\r\n\r\n\t\t\t<p  class=\"sub-heading\">We only work with the best companies around the globe<\/p>\r\n\t\t<\/div>\r\n\t\t<div style=\"clear:both; width:100%; height:30px\"><\/div>        <script>\n            jQuery(document).ready(function ($) {\n\n                var sliderdiv = $('.partners-slider');\n\n                sliderdiv.slick({\n                    rtl: false,\n                    lazyLoad: 'ondemand',\n                    infinite: true,\n                    speed: 300,\n                    slidesToShow: 4,\n                    arrows: true,\n                    adaptiveHeight: true,\n                    dots: true,\n                    appendArrows: '.partners-module-slider',\n                    prevArrow: '<button type=\"button\" class=\"slick-prev\">Anterior<\/button>',\n                    nextArrow: '<button type=\"button\" class=\"slick-next\">Seguinte<\/button>',\n                    responsive: [\n                    {\n                        breakpoint: 992,\n                        settings: {\n                            slidesToShow: 3,\n                            slidesToScroll: 3\n                        }\n                    },\n                    {\n                        breakpoint: 769,\n                        settings: {\n                            slidesToShow: 2,\n                            slidesToScroll: 2\n                        }\n                    }]\n                });\n            });\n        <\/script>\n\n        <div class=\"module-wrap partners-module partners-module-slider\">\n            <div class=\"partners-slider-wrap\">\n                <div class=\"row\">\n                    <div class=\"partners-slider\">\n\n                                                    <div class=\"partner-item text-center\">\n                                <div class=\"partner-thumb\">\n                                    <a target=\"_blank\" href=\"http:\/\/homeywp.com\">\n                                        <img src=\"https:\/\/placehold.it\/450x300&text=Sete+Cidades+Lake+Cabin\" alt=\"placeholder\" \/>                                    <\/a>\n                                <\/div>\n                            <\/div>\n                                                    <div class=\"partner-item text-center\">\n                                <div class=\"partner-thumb\">\n                                    <a target=\"_blank\" href=\"http:\/\/homeywp.com\">\n                                        <img src=\"https:\/\/placehold.it\/450x300&text=Sete+Cidades+Lake+Cabin\" alt=\"placeholder\" \/>                                    <\/a>\n                                <\/div>\n                            <\/div>\n                                                    <div class=\"partner-item text-center\">\n                                <div class=\"partner-thumb\">\n                                    <a target=\"_blank\" href=\"http:\/\/homeywp.com\">\n                                        <img src=\"https:\/\/placehold.it\/450x300&text=Sete+Cidades+Lake+Cabin\" alt=\"placeholder\" \/>                                    <\/a>\n                                <\/div>\n                            <\/div>\n                                                    <div class=\"partner-item text-center\">\n                                <div class=\"partner-thumb\">\n                                    <a target=\"_blank\" href=\"http:\/\/homeywp.com\">\n                                        <img src=\"https:\/\/placehold.it\/450x300&text=Sete+Cidades+Lake+Cabin\" alt=\"placeholder\" \/>                                    <\/a>\n                                <\/div>\n                            <\/div>\n                                                    <div class=\"partner-item text-center\">\n                                <div class=\"partner-thumb\">\n                                    <a target=\"_blank\" href=\"http:\/\/homeywp.com\">\n                                        <img src=\"https:\/\/placehold.it\/450x300&text=Sete+Cidades+Lake+Cabin\" alt=\"placeholder\" \/>                                    <\/a>\n                                <\/div>\n                            <\/div>\n                                                    <div class=\"partner-item text-center\">\n                                <div class=\"partner-thumb\">\n                                    <a target=\"_blank\" href=\"http:\/\/homeywp.com\">\n                                        <img src=\"https:\/\/placehold.it\/450x300&text=Sete+Cidades+Lake+Cabin\" alt=\"placeholder\" \/>                                    <\/a>\n                                <\/div>\n                            <\/div>\n                                                \n                    <\/div>\n                <\/div>\n            <\/div>\n        <\/div>\n\n        [\/vc_column][\/vc_row]<\/p>\n","protected":false},"excerpt":{"rendered":"<p>[vc_row full_width=&#8221;stretch_row&#8221; css=&#8221;.vc_custom_1540586704982{margin-top: -20px !important;background-color: #ffffff !important;}&#8221;][vc_column][vc_row_inner][vc_column_inner width=&#8221;1\/2&#8243;][\/vc_column_inner][vc_column_inner width=&#8221;1\/2&#8243;][\/vc_column_inner][\/vc_row_inner][\/vc_column][\/vc_row][vc_row full_width=&#8221;stretch_row&#8221;][vc_column][\/vc_column][\/vc_row][vc_row full_width=&#8221;stretch_row&#8221; css=&#8221;.vc_custom_1539966302417{margin-top: -20px !important;background-color: #ffffff !important;}&#8221;][vc_column][\/vc_column][\/vc_row][vc_row full_width=&#8221;stretch_row&#8221; css=&#8221;.vc_custom_1540225486937{background-color: #f1f2f3 !important;}&#8221;][vc_column][\/vc_column][\/vc_row][vc_row full_width=&#8221;stretch_row&#8221; css=&#8221;.vc_custom_1539962199495{background-color: #ffffff !important;}&#8221;][vc_column][\/vc_column][\/vc_row][vc_row][vc_column][\/vc_column][\/vc_row][vc_row][vc_column][\/vc_column][\/vc_row]<\/p>\n","protected":false},"author":1,"featured_media":0,"parent":0,"menu_order":0,"comment_status":"closed","ping_status":"closed","template":"template\/template-homepage.php","meta":{"inline_featured_image":false},"_links":{"self":[{"href":"https:\/\/setecidadeslakecabin.com\/pt\/wp-json\/wp\/v2\/pages\/725"}],"collection":[{"href":"https:\/\/setecidadeslakecabin.com\/pt\/wp-json\/wp\/v2\/pages"}],"about":[{"href":"https:\/\/setecidadeslakecabin.com\/pt\/wp-json\/wp\/v2\/types\/page"}],"author":[{"embeddable":true,"href":"https:\/\/setecidadeslakecabin.com\/pt\/wp-json\/wp\/v2\/users\/1"}],"replies":[{"embeddable":true,"href":"https:\/\/setecidadeslakecabin.com\/pt\/wp-json\/wp\/v2\/comments?post=725"}],"version-history":[{"count":0,"href":"https:\/\/setecidadeslakecabin.com\/pt\/wp-json\/wp\/v2\/pages\/725\/revisions"}],"wp:attachment":[{"href":"https:\/\/setecidadeslakecabin.com\/pt\/wp-json\/wp\/v2\/media?parent=725"}],"curies":[{"name":"wp","href":"https:\/\/api.w.org\/{rel}","templated":true}]}}